{"id":145,"date":"2023-12-09T19:31:04","date_gmt":"2023-12-09T19:31:04","guid":{"rendered":"https:\/\/multiservice-kropf.ch\/?page_id=145"},"modified":"2024-05-20T13:23:03","modified_gmt":"2024-05-20T12:23:03","slug":"winterdienst-und-schneeraeumung","status":"publish","type":"page","link":"https:\/\/multiservice-kropf.ch\/index.php\/winterdienst-und-schneeraeumung\/","title":{"rendered":"Winterdienst und Schneer\u00e4umung"},"content":{"rendered":"\n<p>Mit unserem Einachser r\u00e4umen wir Ihre Zufahrt, den Gehweg oder Parkplatz frei.<\/p>\n\n\n\n<p>Die Arbeitsbreite des R\u00e4umschilds betr\u00e4gt 121-150 cm. Somit ist Ihr Vorplatz innert K\u00fcrze ger\u00e4umt.<\/p>\n\n\n\n<p>Wenn die Schneeschicht zu gross ist, bzw der Schneehaufen im Weg ist, k\u00f6nnen wir mit der Schneeschleuder nachhelfen.<\/p>\n\n\n\n<p>Kontaktieren Sie uns und wir geben Ihnen gerne weitere Auskunft.<\/p>\n\n\n\n<figure class=\"wp-block-image size-large\"><img loading=\"lazy\" decoding=\"async\" width=\"1024\" height=\"576\" src=\"https:\/\/multiservice-kropf.ch\/wp-content\/uploads\/2023\/12\/Schneeschleuder_2-1024x576.jpg\" alt=\"Schneeschleuder an Einachser\" class=\"wp-image-132\" srcset=\"https:\/\/multiservice-kropf.ch\/wp-content\/uploads\/2023\/12\/Schneeschleuder_2-1024x576.jpg 1024w, https:\/\/multiservice-kropf.ch\/wp-content\/uploads\/2023\/12\/Schneeschleuder_2-300x169.jpg 300w, https:\/\/multiservice-kropf.ch\/wp-content\/uploads\/2023\/12\/Schneeschleuder_2-768x432.jpg 768w, https:\/\/multiservice-kropf.ch\/wp-content\/uploads\/2023\/12\/Schneeschleuder_2-1536x864.jpg 1536w, https:\/\/multiservice-kropf.ch\/wp-content\/uploads\/2023\/12\/Schneeschleuder_2-2048x1152.jpg 2048w, https:\/\/multiservice-kropf.ch\/wp-content\/uploads\/2023\/12\/Schneeschleuder_2-1568x882.jpg 1568w\" sizes=\"auto, (max-width: 1024px) 100vw, 1024px\" \/><\/figure>\n\n\n\n<figure class=\"wp-block-video\"><video height=\"1080\" style=\"aspect-ratio: 1920 \/ 1080;\" width=\"1920\" controls src=\"https:\/\/multiservice-kropf.ch\/wp-content\/uploads\/2024\/05\/VID_20240119_124556.mp4\"><\/video><\/figure>\n","protected":false},"excerpt":{"rendered":"<p>Mit unserem Einachser r\u00e4umen wir Ihre Zufahrt, den Gehweg oder Parkplatz frei. Die Arbeitsbreite des R\u00e4umschilds betr\u00e4gt 121-150 cm. Somit ist Ihr Vorplatz innert K\u00fcrze ger\u00e4umt. Wenn die Schneeschicht zu gross ist, bzw der Schneehaufen im Weg ist, k\u00f6nnen wir mit der Schneeschleuder nachhelfen. Kontaktieren Sie uns und wir geben Ihnen gerne weitere Auskunft.<\/p>\n","protected":false},"author":2,"featured_media":0,"parent":0,"menu_order":0,"comment_status":"closed","ping_status":"closed","template":"","meta":{"footnotes":""},"class_list":["post-145","page","type-page","status-publish","hentry","entry"],"_links":{"self":[{"href":"https:\/\/multiservice-kropf.ch\/index.php\/wp-json\/wp\/v2\/pages\/145","targetHints":{"allow":["GET"]}}],"collection":[{"href":"https:\/\/multiservice-kropf.ch\/index.php\/wp-json\/wp\/v2\/pages"}],"about":[{"href":"https:\/\/multiservice-kropf.ch\/index.php\/wp-json\/wp\/v2\/types\/page"}],"author":[{"embeddable":true,"href":"https:\/\/multiservice-kropf.ch\/index.php\/wp-json\/wp\/v2\/users\/2"}],"replies":[{"embeddable":true,"href":"https:\/\/multiservice-kropf.ch\/index.php\/wp-json\/wp\/v2\/comments?post=145"}],"version-history":[{"count":7,"href":"https:\/\/multiservice-kropf.ch\/index.php\/wp-json\/wp\/v2\/pages\/145\/revisions"}],"predecessor-version":[{"id":274,"href":"https:\/\/multiservice-kropf.ch\/index.php\/wp-json\/wp\/v2\/pages\/145\/revisions\/274"}],"wp:attachment":[{"href":"https:\/\/multiservice-kropf.ch\/index.php\/wp-json\/wp\/v2\/media?parent=145"}],"curies":[{"name":"wp","href":"https:\/\/api.w.org\/{rel}","templated":true}]}}