{"id":7,"date":"2023-09-03T11:46:20","date_gmt":"2023-09-03T11:46:20","guid":{"rendered":"https:\/\/multiservice-kropf.ch\/?page_id=7"},"modified":"2024-06-21T14:26:35","modified_gmt":"2024-06-21T13:26:35","slug":"create-your-website-with-blocks","status":"publish","type":"page","link":"https:\/\/multiservice-kropf.ch\/","title":{"rendered":"Willkommen"},"content":{"rendered":"\n<h1 class=\"wp-block-heading\">Willkommen<\/h1>\n\n\n\n<p>Multi Service Kropf GmbH<\/p>\n\n\n\n<p>Ihr Ansprechpartner f\u00fcr Ihre Anliegen im Bereich Garten- und Landschaftsbau sowie Mobils\u00e4ge und Landwirtschaft.<\/p>\n\n\n\n<p>Bis heute haben wir noch jede Situation meistern k\u00f6nnen.                         Die Zufriedenheit unserer Kundschaft steht bei uns ganz weit oben. Den erst ein zufriedener Kunde ist f\u00fcr uns ein guter Kunde.<\/p>\n","protected":false},"excerpt":{"rendered":"<p>Willkommen Multi Service Kropf GmbH Ihr Ansprechpartner f\u00fcr Ihre Anliegen im Bereich Garten- und Landschaftsbau sowie Mobils\u00e4ge und Landwirtschaft. Bis heute haben wir noch jede Situation meistern k\u00f6nnen. Die Zufriedenheit unserer Kundschaft steht bei uns ganz weit oben. Den erst ein zufriedener Kunde ist f\u00fcr uns ein guter Kunde.<\/p>\n","protected":false},"author":2,"featured_media":0,"parent":0,"menu_order":0,"comment_status":"closed","ping_status":"closed","template":"","meta":{"footnotes":""},"class_list":["post-7","page","type-page","status-publish","hentry","entry"],"_links":{"self":[{"href":"https:\/\/multiservice-kropf.ch\/index.php\/wp-json\/wp\/v2\/pages\/7","targetHints":{"allow":["GET"]}}],"collection":[{"href":"https:\/\/multiservice-kropf.ch\/index.php\/wp-json\/wp\/v2\/pages"}],"about":[{"href":"https:\/\/multiservice-kropf.ch\/index.php\/wp-json\/wp\/v2\/types\/page"}],"author":[{"embeddable":true,"href":"https:\/\/multiservice-kropf.ch\/index.php\/wp-json\/wp\/v2\/users\/2"}],"replies":[{"embeddable":true,"href":"https:\/\/multiservice-kropf.ch\/index.php\/wp-json\/wp\/v2\/comments?post=7"}],"version-history":[{"count":8,"href":"https:\/\/multiservice-kropf.ch\/index.php\/wp-json\/wp\/v2\/pages\/7\/revisions"}],"predecessor-version":[{"id":141,"href":"https:\/\/multiservice-kropf.ch\/index.php\/wp-json\/wp\/v2\/pages\/7\/revisions\/141"}],"wp:attachment":[{"href":"https:\/\/multiservice-kropf.ch\/index.php\/wp-json\/wp\/v2\/media?parent=7"}],"curies":[{"name":"wp","href":"https:\/\/api.w.org\/{rel}","templated":true}]}}