{"id":79,"date":"2023-09-24T11:54:10","date_gmt":"2023-09-24T11:54:10","guid":{"rendered":"https:\/\/multiservice-kropf.ch\/?page_id=79"},"modified":"2024-11-07T11:43:54","modified_gmt":"2024-11-07T10:43:54","slug":"landwirtschaft","status":"publish","type":"page","link":"https:\/\/multiservice-kropf.ch\/index.php\/landwirtschaft\/","title":{"rendered":"Landwirtschaft"},"content":{"rendered":"\n<p>Ben\u00f6tigen Sie Unterst\u00fctzung beim M\u00e4hen und Einfahren des Heus, sowie des Emd? Kein Problem, mit unserem Rapid Orbito haben Wir einen der leistungsst\u00e4rksten Einachser auf dem Markt im Angebot.<\/p>\n\n\n\n<p>Dank der Doppelr\u00e4der ist ein Einsatz im Hang bis 100% problemlos m\u00f6glich.<\/p>\n\n\n\n<p class=\"has-text-align-center\"><strong>Unser Angebot<\/strong><\/p>\n\n\n\n<ul class=\"wp-block-list\">\n<li>M\u00e4harbeiten<\/li>\n\n\n\n<li>Einsatz mit Multitwister<\/li>\n\n\n\n<li>Mulchen<\/li>\n<\/ul>\n\n\n\n<p class=\"has-text-align-center\"><strong>Partnerbetrieb<\/strong><\/p>\n\n\n\n<p>Wir konnten die W\u00e4lchli AG als Partner in der Landwirtschaft und Obstbau f\u00fcr uns gewinnen. Dank ihnen k\u00f6nnen wir unser Angebot entsprechend erweitern und haben einen zuverl\u00e4ssigen Partner gefunden.<\/p>\n\n\n\n<figure class=\"wp-block-image size-large\"><a href=\"https:\/\/www.waelchli-ag.ch\/\" target=\"_blank\" rel=\"noreferrer noopener\"><img loading=\"lazy\" decoding=\"async\" width=\"1024\" height=\"603\" src=\"https:\/\/multiservice-kropf.ch\/wp-content\/uploads\/2024\/06\/image001-1024x603.png\" alt=\"\" class=\"wp-image-281\" srcset=\"https:\/\/multiservice-kropf.ch\/wp-content\/uploads\/2024\/06\/image001-1024x603.png 1024w, https:\/\/multiservice-kropf.ch\/wp-content\/uploads\/2024\/06\/image001-300x177.png 300w, https:\/\/multiservice-kropf.ch\/wp-content\/uploads\/2024\/06\/image001-768x452.png 768w, https:\/\/multiservice-kropf.ch\/wp-content\/uploads\/2024\/06\/image001.png 1176w\" sizes=\"auto, (max-width: 1024px) 100vw, 1024px\" \/><\/a><\/figure>\n\n\n\n<figure class=\"wp-block-image size-full\"><a href=\"https:\/\/www.waelchli-ag.ch\/unsere-kompetenzen-im-bereich-mostereigeraete\/\" target=\"_blank\" rel=\"noreferrer noopener\"><img loading=\"lazy\" decoding=\"async\" width=\"600\" height=\"190\" src=\"https:\/\/multiservice-kropf.ch\/wp-content\/uploads\/2024\/06\/image003.jpg\" alt=\"\" class=\"wp-image-282\" srcset=\"https:\/\/multiservice-kropf.ch\/wp-content\/uploads\/2024\/06\/image003.jpg 600w, https:\/\/multiservice-kropf.ch\/wp-content\/uploads\/2024\/06\/image003-300x95.jpg 300w\" sizes=\"auto, (max-width: 600px) 100vw, 600px\" \/><\/a><\/figure>\n\n\n\n<figure class=\"wp-block-image size-large\"><img loading=\"lazy\" decoding=\"async\" width=\"1024\" height=\"768\" src=\"https:\/\/multiservice-kropf.ch\/wp-content\/uploads\/2023\/09\/IMG-20230912-WA0001-1024x768.jpg\" alt=\"\" class=\"wp-image-101\" srcset=\"https:\/\/multiservice-kropf.ch\/wp-content\/uploads\/2023\/09\/IMG-20230912-WA0001-1024x768.jpg 1024w, https:\/\/multiservice-kropf.ch\/wp-content\/uploads\/2023\/09\/IMG-20230912-WA0001-300x225.jpg 300w, https:\/\/multiservice-kropf.ch\/wp-content\/uploads\/2023\/09\/IMG-20230912-WA0001-768x576.jpg 768w, https:\/\/multiservice-kropf.ch\/wp-content\/uploads\/2023\/09\/IMG-20230912-WA0001-1536x1152.jpg 1536w, https:\/\/multiservice-kropf.ch\/wp-content\/uploads\/2023\/09\/IMG-20230912-WA0001-1568x1176.jpg 1568w, https:\/\/multiservice-kropf.ch\/wp-content\/uploads\/2023\/09\/IMG-20230912-WA0001.jpg 2016w\" sizes=\"auto, (max-width: 1024px) 100vw, 1024px\" \/><\/figure>\n\n\n\n<figure class=\"wp-block-image size-full\"><img loading=\"lazy\" decoding=\"async\" width=\"1024\" height=\"768\" src=\"https:\/\/multiservice-kropf.ch\/wp-content\/uploads\/2023\/09\/IMG-20230921-WA0000.jpg\" alt=\"\" class=\"wp-image-106\" srcset=\"https:\/\/multiservice-kropf.ch\/wp-content\/uploads\/2023\/09\/IMG-20230921-WA0000.jpg 1024w, https:\/\/multiservice-kropf.ch\/wp-content\/uploads\/2023\/09\/IMG-20230921-WA0000-300x225.jpg 300w, https:\/\/multiservice-kropf.ch\/wp-content\/uploads\/2023\/09\/IMG-20230921-WA0000-768x576.jpg 768w\" sizes=\"auto, (max-width: 1024px) 100vw, 1024px\" \/><\/figure>\n\n\n\n<figure class=\"wp-block-image size-large\"><img loading=\"lazy\" decoding=\"async\" width=\"768\" height=\"1024\" src=\"https:\/\/multiservice-kropf.ch\/wp-content\/uploads\/2023\/09\/IMG-20230411-WA0000-768x1024.jpg\" alt=\"M\u00e4hen zum Heuen\" class=\"wp-image-68\" srcset=\"https:\/\/multiservice-kropf.ch\/wp-content\/uploads\/2023\/09\/IMG-20230411-WA0000-768x1024.jpg 768w, https:\/\/multiservice-kropf.ch\/wp-content\/uploads\/2023\/09\/IMG-20230411-WA0000-225x300.jpg 225w, https:\/\/multiservice-kropf.ch\/wp-content\/uploads\/2023\/09\/IMG-20230411-WA0000-1152x1536.jpg 1152w, https:\/\/multiservice-kropf.ch\/wp-content\/uploads\/2023\/09\/IMG-20230411-WA0000.jpg 1512w\" sizes=\"auto, (max-width: 768px) 100vw, 768px\" \/><\/figure>\n","protected":false},"excerpt":{"rendered":"<p>Ben\u00f6tigen Sie Unterst\u00fctzung beim M\u00e4hen und Einfahren des Heus, sowie des Emd? Kein Problem, mit unserem Rapid Orbito haben Wir einen der leistungsst\u00e4rksten Einachser auf dem Markt im Angebot. Dank der Doppelr\u00e4der ist ein Einsatz im Hang bis 100% problemlos m\u00f6glich. Unser Angebot Partnerbetrieb Wir konnten die W\u00e4lchli AG als Partner in der Landwirtschaft und&hellip; <a class=\"more-link\" href=\"https:\/\/multiservice-kropf.ch\/index.php\/landwirtschaft\/\"><span class=\"screen-reader-text\">Landwirtschaft<\/span> weiterlesen<\/a><\/p>\n","protected":false},"author":2,"featured_media":0,"parent":0,"menu_order":0,"comment_status":"closed","ping_status":"closed","template":"","meta":{"footnotes":"[]"},"class_list":["post-79","page","type-page","status-publish","hentry","entry"],"_links":{"self":[{"href":"https:\/\/multiservice-kropf.ch\/index.php\/wp-json\/wp\/v2\/pages\/79","targetHints":{"allow":["GET"]}}],"collection":[{"href":"https:\/\/multiservice-kropf.ch\/index.php\/wp-json\/wp\/v2\/pages"}],"about":[{"href":"https:\/\/multiservice-kropf.ch\/index.php\/wp-json\/wp\/v2\/types\/page"}],"author":[{"embeddable":true,"href":"https:\/\/multiservice-kropf.ch\/index.php\/wp-json\/wp\/v2\/users\/2"}],"replies":[{"embeddable":true,"href":"https:\/\/multiservice-kropf.ch\/index.php\/wp-json\/wp\/v2\/comments?post=79"}],"version-history":[{"count":11,"href":"https:\/\/multiservice-kropf.ch\/index.php\/wp-json\/wp\/v2\/pages\/79\/revisions"}],"predecessor-version":[{"id":301,"href":"https:\/\/multiservice-kropf.ch\/index.php\/wp-json\/wp\/v2\/pages\/79\/revisions\/301"}],"wp:attachment":[{"href":"https:\/\/multiservice-kropf.ch\/index.php\/wp-json\/wp\/v2\/media?parent=79"}],"curies":[{"name":"wp","href":"https:\/\/api.w.org\/{rel}","templated":true}]}}