{"id":8,"date":"2023-09-03T11:46:20","date_gmt":"2023-09-03T11:46:20","guid":{"rendered":"https:\/\/multiservice-kropf.ch\/?page_id=8"},"modified":"2024-05-20T13:17:55","modified_gmt":"2024-05-20T12:17:55","slug":"ueber-uns","status":"publish","type":"page","link":"https:\/\/multiservice-kropf.ch\/index.php\/ueber-uns\/","title":{"rendered":"\u00dcber uns"},"content":{"rendered":"\n<p>Unsere GmbH besteht aus den beiden Br\u00fcdern                            Kropf Nils und Kropf Markus.<\/p>\n\n\n\n<p>Ausgebildet als Landschaftsg\u00e4rtner sind wir in der Lage, Ihre Ideen im Garten und Land professionell umzusetzen.<\/p>\n\n\n\n<p>Unsere mobile S\u00e4ge ist allzeit bereit, auch in schlecht zug\u00e4nglichen Orten, Bretter und Balken zu s\u00e4gen.<\/p>\n\n\n\n<p>Auch f\u00fcr verschiedene Arbeiten in der Landwirtschaft und Landschaftspflege sind wir bestens ausger\u00fcstet.<\/p>\n","protected":false},"excerpt":{"rendered":"<p>Unsere GmbH besteht aus den beiden Br\u00fcdern Kropf Nils und Kropf Markus. Ausgebildet als Landschaftsg\u00e4rtner sind wir in der Lage, Ihre Ideen im Garten und Land professionell umzusetzen. Unsere mobile S\u00e4ge ist allzeit bereit, auch in schlecht zug\u00e4nglichen Orten, Bretter und Balken zu s\u00e4gen. Auch f\u00fcr verschiedene Arbeiten in der Landwirtschaft und Landschaftspflege sind wir&hellip; <a class=\"more-link\" href=\"https:\/\/multiservice-kropf.ch\/index.php\/ueber-uns\/\"><span class=\"screen-reader-text\">\u00dcber uns<\/span> weiterlesen<\/a><\/p>\n","protected":false},"author":1,"featured_media":0,"parent":0,"menu_order":0,"comment_status":"closed","ping_status":"closed","template":"","meta":{"footnotes":""},"class_list":["post-8","page","type-page","status-publish","hentry","entry"],"_links":{"self":[{"href":"https:\/\/multiservice-kropf.ch\/index.php\/wp-json\/wp\/v2\/pages\/8","targetHints":{"allow":["GET"]}}],"collection":[{"href":"https:\/\/multiservice-kropf.ch\/index.php\/wp-json\/wp\/v2\/pages"}],"about":[{"href":"https:\/\/multiservice-kropf.ch\/index.php\/wp-json\/wp\/v2\/types\/page"}],"author":[{"embeddable":true,"href":"https:\/\/multiservice-kropf.ch\/index.php\/wp-json\/wp\/v2\/users\/1"}],"replies":[{"embeddable":true,"href":"https:\/\/multiservice-kropf.ch\/index.php\/wp-json\/wp\/v2\/comments?post=8"}],"version-history":[{"count":9,"href":"https:\/\/multiservice-kropf.ch\/index.php\/wp-json\/wp\/v2\/pages\/8\/revisions"}],"predecessor-version":[{"id":277,"href":"https:\/\/multiservice-kropf.ch\/index.php\/wp-json\/wp\/v2\/pages\/8\/revisions\/277"}],"wp:attachment":[{"href":"https:\/\/multiservice-kropf.ch\/index.php\/wp-json\/wp\/v2\/media?parent=8"}],"curies":[{"name":"wp","href":"https:\/\/api.w.org\/{rel}","templated":true}]}}