{"id":81,"date":"2023-09-24T11:31:30","date_gmt":"2023-09-24T11:31:30","guid":{"rendered":"https:\/\/multiservice-kropf.ch\/?page_id=81"},"modified":"2024-03-31T09:25:29","modified_gmt":"2024-03-31T08:25:29","slug":"mobilsaegerei","status":"publish","type":"page","link":"https:\/\/multiservice-kropf.ch\/index.php\/mobilsaegerei\/","title":{"rendered":"Mobils\u00e4gerei"},"content":{"rendered":"\n<p>Ob im abgelegenen Bergwald oder direkt auf Ihrem Hof, wir platzieren die S\u00e4ge (fast) \u00fcberall.<\/p>\n\n\n\n<p>Falls der Transport \u00fcber die Strasse nicht m\u00f6glich sein sollte, so k\u00f6nnen wir auch per Hubschrauber eine L\u00f6sung finden.<\/p>\n\n\n\n<p>Wir k\u00f6nnen St\u00e4mme von einer Mindestl\u00e4nge von 2 Metern und einer H\u00f6chstl\u00e4nge von 5.3 Metern verarbeiten.                                          Bei erh\u00f6tem Bedarf, k\u00f6nnen wir das Sagbett unbegrenzt erweitern.<\/p>\n\n\n\n<p>Der Mindestdurchmesser betr\u00e4gt dabei 20 cm und der maximale Durchmesser bei 60 cm. <\/p>\n\n\n\n<p>Um einen guten Schnitt zu erlangen und um die Bandlaufzeit zu erh\u00f6hen, empfehlen wir den Stamm vorher zu entrinden, um Steine und andere Verunreinigungen zu entfernen.<\/p>\n\n\n\n<p>Auf Ihren Wunsch hin, k\u00f6nnen wir auch Rundholz bei unseren Lieferanten bestellen. <\/p>\n\n\n\n<p class=\"has-text-align-center\"><strong>Ihre Vorteile<\/strong><\/p>\n\n\n\n<ul class=\"wp-block-list\">\n<li>Verarbeitung direkt vor Ort<\/li>\n\n\n\n<li>Individuelle W\u00fcnsche werden ber\u00fccksichtigt<\/li>\n\n\n\n<li>Mithilfe ist willkommen<\/li>\n\n\n\n<li>Der Transport des Schnittholzes erfolgt durch einen Anh\u00e4nger\/Transporters<\/li>\n\n\n\n<li>Kein teurer Transport mit dem LKW<\/li>\n<\/ul>\n\n\n\n<h2 class=\"wp-block-heading\">Einachs-Seilwinde<\/h2>\n\n\n\n<p>Haben Sie M\u00fche mit dem Traktor zum gef\u00e4llten Holz zu kommen? Mit unserem Einachser und einer Forstwinde kommen wir an Orte hin, wo der Traktor kein Durchkommen hat. <\/p>\n\n\n\n<p>Unsere Seilwinde hat eine Zugkraft von bis zu 4.5 Tonnen.                        Die verf\u00fcgbare Seill\u00e4nge betr\u00e4gt 100 meter.<\/p>\n\n\n\n<p>Um die sichere Funktion zu gew\u00e4hrleisten, sind wir jedoch auf einen Ankerpunk, wie z.B. einen gesunden Baum angewiesen.<\/p>\n\n\n\n<figure class=\"wp-block-image size-large\"><img loading=\"lazy\" decoding=\"async\" width=\"1024\" height=\"678\" src=\"https:\/\/multiservice-kropf.ch\/wp-content\/uploads\/2023\/09\/DSC_0059-1024x678.jpg\" alt=\"\" class=\"wp-image-115\" srcset=\"https:\/\/multiservice-kropf.ch\/wp-content\/uploads\/2023\/09\/DSC_0059-1024x678.jpg 1024w, https:\/\/multiservice-kropf.ch\/wp-content\/uploads\/2023\/09\/DSC_0059-300x199.jpg 300w, https:\/\/multiservice-kropf.ch\/wp-content\/uploads\/2023\/09\/DSC_0059-768x509.jpg 768w, https:\/\/multiservice-kropf.ch\/wp-content\/uploads\/2023\/09\/DSC_0059-1536x1017.jpg 1536w, https:\/\/multiservice-kropf.ch\/wp-content\/uploads\/2023\/09\/DSC_0059-2048x1356.jpg 2048w, https:\/\/multiservice-kropf.ch\/wp-content\/uploads\/2023\/09\/DSC_0059-1568x1039.jpg 1568w\" sizes=\"auto, (max-width: 1024px) 100vw, 1024px\" \/><\/figure>\n\n\n\n<figure class=\"wp-block-image size-large\"><img loading=\"lazy\" decoding=\"async\" width=\"1024\" height=\"768\" src=\"https:\/\/multiservice-kropf.ch\/wp-content\/uploads\/2023\/09\/IMG_20230324_111843_2-1024x768.jpg\" alt=\"Wenn die Bretter direkt im Wald entstehen\" class=\"wp-image-67\" srcset=\"https:\/\/multiservice-kropf.ch\/wp-content\/uploads\/2023\/09\/IMG_20230324_111843_2-1024x768.jpg 1024w, https:\/\/multiservice-kropf.ch\/wp-content\/uploads\/2023\/09\/IMG_20230324_111843_2-300x225.jpg 300w, https:\/\/multiservice-kropf.ch\/wp-content\/uploads\/2023\/09\/IMG_20230324_111843_2-768x576.jpg 768w, https:\/\/multiservice-kropf.ch\/wp-content\/uploads\/2023\/09\/IMG_20230324_111843_2-1536x1152.jpg 1536w, https:\/\/multiservice-kropf.ch\/wp-content\/uploads\/2023\/09\/IMG_20230324_111843_2-2048x1536.jpg 2048w, https:\/\/multiservice-kropf.ch\/wp-content\/uploads\/2023\/09\/IMG_20230324_111843_2-1568x1176.jpg 1568w\" sizes=\"auto, (max-width: 1024px) 100vw, 1024px\" \/><\/figure>\n\n\n\n<figure class=\"wp-block-image size-large\"><img loading=\"lazy\" decoding=\"async\" width=\"768\" height=\"1024\" src=\"https:\/\/multiservice-kropf.ch\/wp-content\/uploads\/2023\/09\/IMG-20230912-WA0011-768x1024.jpg\" alt=\"\" class=\"wp-image-102\" srcset=\"https:\/\/multiservice-kropf.ch\/wp-content\/uploads\/2023\/09\/IMG-20230912-WA0011-768x1024.jpg 768w, https:\/\/multiservice-kropf.ch\/wp-content\/uploads\/2023\/09\/IMG-20230912-WA0011-225x300.jpg 225w, https:\/\/multiservice-kropf.ch\/wp-content\/uploads\/2023\/09\/IMG-20230912-WA0011-1152x1536.jpg 1152w, https:\/\/multiservice-kropf.ch\/wp-content\/uploads\/2023\/09\/IMG-20230912-WA0011.jpg 1512w\" sizes=\"auto, (max-width: 768px) 100vw, 768px\" \/><\/figure>\n","protected":false},"excerpt":{"rendered":"<p>Ob im abgelegenen Bergwald oder direkt auf Ihrem Hof, wir platzieren die S\u00e4ge (fast) \u00fcberall. Falls der Transport \u00fcber die Strasse nicht m\u00f6glich sein sollte, so k\u00f6nnen wir auch per Hubschrauber eine L\u00f6sung finden. Wir k\u00f6nnen St\u00e4mme von einer Mindestl\u00e4nge von 2 Metern und einer H\u00f6chstl\u00e4nge von 5.3 Metern verarbeiten. Bei erh\u00f6tem Bedarf, k\u00f6nnen wir&hellip; <a class=\"more-link\" href=\"https:\/\/multiservice-kropf.ch\/index.php\/mobilsaegerei\/\"><span class=\"screen-reader-text\">Mobils\u00e4gerei<\/span> weiterlesen<\/a><\/p>\n","protected":false},"author":2,"featured_media":0,"parent":0,"menu_order":0,"comment_status":"closed","ping_status":"closed","template":"","meta":{"footnotes":""},"class_list":["post-81","page","type-page","status-publish","hentry","entry"],"_links":{"self":[{"href":"https:\/\/multiservice-kropf.ch\/index.php\/wp-json\/wp\/v2\/pages\/81","targetHints":{"allow":["GET"]}}],"collection":[{"href":"https:\/\/multiservice-kropf.ch\/index.php\/wp-json\/wp\/v2\/pages"}],"about":[{"href":"https:\/\/multiservice-kropf.ch\/index.php\/wp-json\/wp\/v2\/types\/page"}],"author":[{"embeddable":true,"href":"https:\/\/multiservice-kropf.ch\/index.php\/wp-json\/wp\/v2\/users\/2"}],"replies":[{"embeddable":true,"href":"https:\/\/multiservice-kropf.ch\/index.php\/wp-json\/wp\/v2\/comments?post=81"}],"version-history":[{"count":8,"href":"https:\/\/multiservice-kropf.ch\/index.php\/wp-json\/wp\/v2\/pages\/81\/revisions"}],"predecessor-version":[{"id":261,"href":"https:\/\/multiservice-kropf.ch\/index.php\/wp-json\/wp\/v2\/pages\/81\/revisions\/261"}],"wp:attachment":[{"href":"https:\/\/multiservice-kropf.ch\/index.php\/wp-json\/wp\/v2\/media?parent=81"}],"curies":[{"name":"wp","href":"https:\/\/api.w.org\/{rel}","templated":true}]}}